{"id":11,"date":"2026-03-03T00:54:42","date_gmt":"2026-03-02T23:54:42","guid":{"rendered":"https:\/\/www.inspirations-equestres.fr\/?page_id=11"},"modified":"2026-04-03T10:54:09","modified_gmt":"2026-04-03T08:54:09","slug":"equitation-relationnelle","status":"publish","type":"page","link":"https:\/\/www.inspirations-equestres.fr\/index.php\/equitation-relationnelle\/","title":{"rendered":"\u00c9quitation relationnelle"},"content":{"rendered":"\n<figure class=\"wp-block-image size-full is-resized has-custom-border\" style=\"margin-right:0;margin-left:0\"><img alt=\"\" loading=\"lazy\" decoding=\"async\" width=\"964\" height=\"547\" src=\"https:\/\/www.inspirations-equestres.fr\/wp-content\/uploads\/2026\/03\/481923838_615577308016598_3648557127112033603_n_edited.png\" alt=\"\" class=\"has-border-color has-base-border-color wp-image-120\" style=\"border-width:5px;aspect-ratio:1.751284453149394;width:1490px;height:auto\" srcset=\"https:\/\/www.inspirations-equestres.fr\/wp-content\/uploads\/2026\/03\/481923838_615577308016598_3648557127112033603_n_edited.png 964w, https:\/\/www.inspirations-equestres.fr\/wp-content\/uploads\/2026\/03\/481923838_615577308016598_3648557127112033603_n_edited-300x170.png 300w, https:\/\/www.inspirations-equestres.fr\/wp-content\/uploads\/2026\/03\/481923838_615577308016598_3648557127112033603_n_edited-768x436.png 768w\" sizes=\"auto, (max-width: 964px) 100vw, 964px\" \/><\/figure>\n\n\n\n<p><\/p>\n\n\n\n<p class=\"has-text-align-center has-medium-font-size\">L&rsquo;\u00e9quitation relationnelle est une approche qui place la relation entre le cheval et l&rsquo;humain au c\u0153ur de la pratique. Elle repose sur le respect mutuel et la compr\u00e9hension du comportement et des \u00e9motions du cheval.<br><br>L&rsquo;objectif n&rsquo;est pas seulement la performance, mais le bien-\u00eatre, la confiance et la coop\u00e9ration.<br><br>Le cavalier apprend \u00e0 communiquer avec justesse, \u00e0 adapter ses demandes et \u00e0 construire un partenariat harmonieux, que ce soit \u00e0 pied ou mont\u00e9.<\/p>\n\n\n\n<p class=\"has-text-align-center has-medium-font-size\"><br>Je pense qu&rsquo;il est tr\u00e8s important d&rsquo;\u00eatre attentif \u00e0 nos propres \u00e9motions, afin de conna\u00eetre nos limites, pour ensuite apprendre \u00e0 reconna\u00eetre celles de nos chevaux.<br><br>Ici on aborde cela concr\u00e8tement :<\/p>\n\n\n\n<p class=\"has-text-align-center has-medium-font-size\">par de l\u2019observation, du travail \u00e0 pied, de la libert\u00e9, des s\u00e9ances de gratouilles, du travail sur le plat, du saut, de l\u2019ext\u00e9rieur, avec ou sans mors, en musique ou pas, les yeux ferm\u00e9s ou pas, a cru&#8230;ou pas ! Et la liste est non exhaustive !<\/p>\n\n\n\n<p class=\"has-text-align-left has-large-font-size\"><br><\/p>\n\n\n\n<div class=\"wp-block-group alignwide has-x-large-font-size has-global-padding is-content-justification-center is-layout-constrained wp-container-core-group-is-layout-026e2f03 wp-block-group-is-layout-constrained\" style=\"margin-top:0;margin-bottom:0;padding-top:0;padding-right:0px;padding-bottom:0;padding-left:0px\">\n<p class=\"has-text-align-center has-medium-font-size\"><strong><mark style=\"background-color:#62a5cc;color:#FFFFFF\" class=\"has-inline-color\">Les s\u00e9ances se d\u00e9roulent :<\/mark><\/strong><\/p>\n\n\n\n<p class=\"has-large-font-size\"><\/p>\n\n\n\n<ul class=\"wp-block-list\">\n<li class=\"has-medium-font-size\">Sous forme de cours individuel ou de stage en petit groupe<\/li>\n\n\n\n<li class=\"has-medium-font-size\">De mani\u00e8re ponctuelle ou pour un accompagnement r\u00e9gulier<\/li>\n\n\n\n<li class=\"has-medium-font-size\">Chez vous ou dans votre \u00e9curie (secteur ci-dessous)<\/li>\n<\/ul>\n\n\n\n<p class=\"has-medium-font-size\"><\/p>\n\n\n\n<body><div id=\"map-rayon\" style=\"height: 500px; width: 100%; border-radius: 8px; border: 1px solid rgb(204, 204, 204); position: relative; outline-style: none;\" class=\"leaflet-container leaflet-touch leaflet-fade-anim leaflet-grab leaflet-touch-drag leaflet-touch-zoom\" tabindex=\"0\"><div class=\"leaflet-pane leaflet-map-pane\" style=\"transform: translate3d(0px, 0px, 0px);\"><div class=\"leaflet-pane leaflet-tile-pane\"><div class=\"leaflet-layer \" style=\"z-index: 1; opacity: 1;\"><div class=\"leaflet-tile-container leaflet-zoom-animated\" style=\"z-index: 18; transform: translate3d(0px, 0px, 0px) scale(1);\"><img decoding=\"async\" alt=\"\" src=\"https:\/\/a.tile.openstreetmap.org\/9\/252\/177.png\" class=\"leaflet-tile leaflet-tile-loaded\" style=\"width: 256px; height: 256px; transform: translate3d(59px, 137px, 0px); opacity: 1;\"><img decoding=\"async\" alt=\"\" src=\"https:\/\/c.tile.openstreetmap.org\/9\/252\/176.png\" class=\"leaflet-tile leaflet-tile-loaded\" style=\"width: 256px; height: 256px; transform: translate3d(59px, -119px, 0px); opacity: 1;\"><img decoding=\"async\" alt=\"\" src=\"https:\/\/c.tile.openstreetmap.org\/9\/251\/177.png\" class=\"leaflet-tile leaflet-tile-loaded\" style=\"width: 256px; height: 256px; transform: translate3d(-197px, 137px, 0px); opacity: 1;\"><img decoding=\"async\" alt=\"\" src=\"https:\/\/b.tile.openstreetmap.org\/9\/253\/177.png\" class=\"leaflet-tile leaflet-tile-loaded\" style=\"width: 256px; height: 256px; transform: translate3d(315px, 137px, 0px); opacity: 1;\"><img decoding=\"async\" alt=\"\" src=\"https:\/\/b.tile.openstreetmap.org\/9\/252\/178.png\" class=\"leaflet-tile leaflet-tile-loaded\" style=\"width: 256px; height: 256px; transform: translate3d(59px, 393px, 0px); opacity: 1;\"><img decoding=\"async\" alt=\"\" src=\"https:\/\/b.tile.openstreetmap.org\/9\/251\/176.png\" class=\"leaflet-tile leaflet-tile-loaded\" style=\"width: 256px; height: 256px; transform: translate3d(-197px, -119px, 0px); opacity: 1;\"><img decoding=\"async\" alt=\"\" src=\"https:\/\/a.tile.openstreetmap.org\/9\/253\/176.png\" class=\"leaflet-tile leaflet-tile-loaded\" style=\"width: 256px; height: 256px; transform: translate3d(315px, -119px, 0px); opacity: 1;\"><img decoding=\"async\" alt=\"\" src=\"https:\/\/a.tile.openstreetmap.org\/9\/251\/178.png\" class=\"leaflet-tile leaflet-tile-loaded\" style=\"width: 256px; height: 256px; transform: translate3d(-197px, 393px, 0px); opacity: 1;\"><img decoding=\"async\" alt=\"\" src=\"https:\/\/c.tile.openstreetmap.org\/9\/253\/178.png\" class=\"leaflet-tile leaflet-tile-loaded\" style=\"width: 256px; height: 256px; transform: translate3d(315px, 393px, 0px); opacity: 1;\"><\/div><\/div><\/div><div class=\"leaflet-pane leaflet-overlay-pane\"><svg pointer-events=\"none\" class=\"leaflet-zoom-animated\" width=\"595\" height=\"600\" viewBox=\"-50 -50 595 600\" style=\"transform: translate3d(-50px, -50px, 0px);\"><g><path class=\"leaflet-interactive\" stroke=\"#2A52BE\" stroke-opacity=\"1\" stroke-width=\"3\" stroke-linecap=\"round\" stroke-linejoin=\"round\" fill=\"#4169E1\" fill-opacity=\"0.2\" fill-rule=\"evenodd\" d=\"M99.95797301041603,249.84447946392174a148,148 0 1,0 296,0 a148,148 0 1,0 -296,0 \"><\/path><\/g><\/svg><\/div><div class=\"leaflet-pane leaflet-shadow-pane\"><img decoding=\"async\" src=\"https:\/\/unpkg.com\/leaflet@1.9.4\/dist\/images\/marker-shadow.png\" class=\"leaflet-marker-shadow leaflet-zoom-animated\" alt=\"\" style=\"margin-left: -12px; margin-top: -41px; width: 41px; height: 41px; transform: translate3d(248px, 250px, 0px);\"><\/div><div class=\"leaflet-pane leaflet-marker-pane\"><img decoding=\"async\" src=\"https:\/\/unpkg.com\/leaflet@1.9.4\/dist\/images\/marker-icon.png\" class=\"leaflet-marker-icon leaflet-zoom-animated leaflet-interactive\" alt=\"Marker\" tabindex=\"0\" role=\"button\" style=\"margin-left: -12px; margin-top: -41px; width: 25px; height: 41px; transform: translate3d(248px, 250px, 0px); z-index: 250;\"><\/div><div class=\"leaflet-pane leaflet-tooltip-pane\"><\/div><div class=\"leaflet-pane leaflet-popup-pane\"><div class=\"leaflet-popup  leaflet-zoom-animated\" style=\"opacity: 1; transform: translate3d(249px, 216px, 0px); bottom: -7px; left: -94px;\"><div class=\"leaflet-popup-content-wrapper\"><div class=\"leaflet-popup-content\" style=\"width: 141px;\"><b>Inspirations Equestres<\/b><\/div><\/div><div class=\"leaflet-popup-tip-container\"><div class=\"leaflet-popup-tip\"><\/div><\/div><a class=\"leaflet-popup-close-button\" role=\"button\" aria-label=\"Close popup\" href=\"#close\"><span aria-hidden=\"true\">\u00d7<\/span><\/a><\/div><\/div><div class=\"leaflet-proxy leaflet-zoom-animated\" style=\"transform: translate3d(64701px, 45425.2px, 0px) scale(256);\"><\/div><\/div><div class=\"leaflet-control-container\"><div class=\"leaflet-top leaflet-left\"><div class=\"leaflet-control-zoom leaflet-bar leaflet-control\"><a class=\"leaflet-control-zoom-in\" href=\"#\" title=\"Zoom in\" role=\"button\" aria-label=\"Zoom in\" aria-disabled=\"false\"><span aria-hidden=\"true\">+<\/span><\/a><a class=\"leaflet-control-zoom-out\" href=\"#\" title=\"Zoom out\" role=\"button\" aria-label=\"Zoom out\" aria-disabled=\"false\"><span aria-hidden=\"true\">\u2212<\/span><\/a><\/div><\/div><div class=\"leaflet-top leaflet-right\"><\/div><div class=\"leaflet-bottom leaflet-left\"><\/div><div class=\"leaflet-bottom leaflet-right\"><div class=\"leaflet-control-attribution leaflet-control\"><a href=\"https:\/\/leafletjs.com\" title=\"A JavaScript library for interactive maps\"><svg aria-hidden=\"true\" xmlns=\"http:\/\/www.w3.org\/2000\/svg\" width=\"12\" height=\"8\" viewBox=\"0 0 12 8\" class=\"leaflet-attribution-flag\"><path fill=\"#4C7BE1\" d=\"M0 0h12v4H0z\"><\/path><path fill=\"#FFD500\" d=\"M0 4h12v3H0z\"><\/path><path fill=\"#E0BC00\" d=\"M0 7h12v1H0z\"><\/path><\/svg> Leaflet<\/a> <span aria-hidden=\"true\">|<\/span> \u00a9 OpenStreetMap contributors<\/div><\/div><\/div><\/div>\n\n<link rel=\"stylesheet\" href=\"https:\/\/unpkg.com\/leaflet@1.9.4\/dist\/leaflet.css\">\n<script src=\"https:\/\/unpkg.com\/leaflet@1.9.4\/dist\/leaflet.js\"><\/script>\n\n<script>\n  \/\/ 1. Initialisation de la carte sur vos coordonn\u00e9es\n  \/\/ Le '9' est le niveau de zoom pour bien voir les 30km\n  var map = L.map('map-rayon').setView([48.25168502240444, -2.293511426668165], 9);\n\n  \/\/ 2. Chargement du fond de carte OpenStreetMap\n  L.tileLayer('https:\/\/{s}.tile.openstreetmap.org\/{z}\/{x}\/{y}.png', {\n    attribution: '\u00a9 OpenStreetMap contributors'\n  }).addTo(map);\n\n  \/\/ 3. Ajout du marqueur central\n  var marker = L.marker([48.25168502240444, -2.293511426668165]).addTo(map);\n  marker.bindPopup(\"<b>Inspirations Equestres<\/b>\").openPopup();\n\n  \/\/ 4. Ajout du rayon de 30km (30000 m\u00e8tres)\n  var circle = L.circle([48.25168502240444, -2.293511426668165], {\n    color: '#2A52BE', \/\/ Couleur du bord\n    fillColor: '#4169E1', \/\/ Couleur du fond\n    fillOpacity: 0.2, \/\/ Transparence du cercle\n    radius: 30000 \/\/ 30 km en m\u00e8tres\n  }).addTo(map);\n<\/script><\/body>\n\n\n\n<p class=\"has-large-font-size\"><\/p>\n<\/div>\n","protected":false},"excerpt":{"rendered":"<p>L&rsquo;\u00e9quitation relationnelle est une approche qui place la relation entre le cheval et l&rsquo;humain au c\u0153ur de la pratique. Elle repose sur le respect mutuel et la compr\u00e9hension du comportement et des \u00e9motions du cheval. L&rsquo;objectif n&rsquo;est pas seulement la performance, mais le bien-\u00eatre, la confiance et la coop\u00e9ration. Le cavalier apprend \u00e0 communiquer avec [&hellip;]<\/p>\n","protected":false},"author":1,"featured_media":0,"parent":0,"menu_order":0,"comment_status":"closed","ping_status":"closed","template":"","meta":{"_seopress_robots_primary_cat":"","_seopress_titles_title":"","_seopress_titles_desc":"","_seopress_robots_index":"","footnotes":""},"class_list":["post-11","page","type-page","status-publish","hentry"],"_links":{"self":[{"href":"https:\/\/www.inspirations-equestres.fr\/index.php\/wp-json\/wp\/v2\/pages\/11","targetHints":{"allow":["GET"]}}],"collection":[{"href":"https:\/\/www.inspirations-equestres.fr\/index.php\/wp-json\/wp\/v2\/pages"}],"about":[{"href":"https:\/\/www.inspirations-equestres.fr\/index.php\/wp-json\/wp\/v2\/types\/page"}],"author":[{"embeddable":true,"href":"https:\/\/www.inspirations-equestres.fr\/index.php\/wp-json\/wp\/v2\/users\/1"}],"replies":[{"embeddable":true,"href":"https:\/\/www.inspirations-equestres.fr\/index.php\/wp-json\/wp\/v2\/comments?post=11"}],"version-history":[{"count":37,"href":"https:\/\/www.inspirations-equestres.fr\/index.php\/wp-json\/wp\/v2\/pages\/11\/revisions"}],"predecessor-version":[{"id":385,"href":"https:\/\/www.inspirations-equestres.fr\/index.php\/wp-json\/wp\/v2\/pages\/11\/revisions\/385"}],"wp:attachment":[{"href":"https:\/\/www.inspirations-equestres.fr\/index.php\/wp-json\/wp\/v2\/media?parent=11"}],"curies":[{"name":"wp","href":"https:\/\/api.w.org\/{rel}","templated":true}]}}