{"id":14,"date":"2026-03-03T00:54:55","date_gmt":"2026-03-02T23:54:55","guid":{"rendered":"https:\/\/www.inspirations-equestres.fr\/?page_id=14"},"modified":"2026-03-31T18:31:27","modified_gmt":"2026-03-31T16:31:27","slug":"lequipe","status":"publish","type":"page","link":"https:\/\/www.inspirations-equestres.fr\/index.php\/lequipe\/","title":{"rendered":"L&rsquo;\u00e9quipe"},"content":{"rendered":"\n<p><\/p>\n\n\n\n<p class=\"has-text-align-center has-medium-font-size\"><mark style=\"background-color:#62a5cc;color:#FFFFFF\" class=\"has-inline-color\">Monitrice &amp; Intervenante en m\u00e9diation par l&rsquo;animal<\/mark><\/p>\n\n\n\n<figure class=\"wp-block-image aligncenter size-full is-resized has-custom-border\"><img alt=\"\" loading=\"lazy\" decoding=\"async\" width=\"447\" height=\"590\" src=\"https:\/\/www.inspirations-equestres.fr\/wp-content\/uploads\/2026\/03\/brise-et-domi-1.jpg\" alt=\"\" class=\"wp-image-294\" style=\"border-width:5px;width:265px\" srcset=\"https:\/\/www.inspirations-equestres.fr\/wp-content\/uploads\/2026\/03\/brise-et-domi-1.jpg 447w, https:\/\/www.inspirations-equestres.fr\/wp-content\/uploads\/2026\/03\/brise-et-domi-1-227x300.jpg 227w\" sizes=\"auto, (max-width: 447px) 100vw, 447px\" \/><\/figure>\n\n\n\n<p class=\"has-text-align-center has-base-color has-text-color has-link-color has-medium-font-size wp-elements-7e76fdbf1a7ddd9f2c55e3317f184a4b\"><strong>Domitille<\/strong><\/p>\n\n\n\n<p class=\"has-text-align-center has-link-color has-medium-font-size wp-elements-404eff25901ef8b7d7cffc8bbd29990f\">Dipl\u00f4m\u00e9e&nbsp;<strong>BPJEPS Equitation et Tourisme Equestre<\/strong><\/p>\n\n\n\n<p class=\"has-text-align-center has-link-color has-medium-font-size wp-elements-6bb8e28ad95f76e3a1e63324dfc189af\">Certifi\u00e9e \u00e0<strong>&nbsp;l&rsquo;Institut Fran\u00e7ais de Zooth\u00e9rapie<\/strong><\/p>\n\n\n\n<p class=\"has-text-align-center has-link-color has-medium-font-size wp-elements-0697b8c3620bd43e20eeec5528311042\">Form\u00e9e aux&nbsp;<strong>Premiers Secours en Sant\u00e9 Mentale<\/strong><\/p>\n\n\n\n<p class=\"has-text-align-center has-link-color has-medium-font-size wp-elements-fb6e9eda137683e844c5c8d2031d6489\"><strong>\u200bObservatrice, \u00e0 l&rsquo;\u00e9coute, douce, r\u00eaveuse, dr\u00f4le&nbsp;<\/strong><\/p>\n\n\n\n<p class=\"has-text-align-center\"><\/p>\n\n\n\n<p><\/p>\n\n\n\n<p><\/p>\n\n\n\n<p class=\"has-text-align-center has-medium-font-size\"><mark style=\"background-color:#62a5cc;color:#FFFFFF\" class=\"has-inline-color\"> Mes partenaires m\u00e9diateurs<\/mark><\/p>\n\n\n\n<p><\/p>\n\n\n\n<figure class=\"wp-block-image aligncenter size-large is-resized has-custom-border\"><img alt=\"\" loading=\"lazy\" decoding=\"async\" width=\"768\" height=\"1024\" src=\"https:\/\/www.inspirations-equestres.fr\/wp-content\/uploads\/2026\/03\/1755452528776-768x1024.jpg\" alt=\"\" class=\"wp-image-295\" style=\"border-width:5px;aspect-ratio:0.7500129299198345;object-fit:cover;width:265px\" srcset=\"https:\/\/www.inspirations-equestres.fr\/wp-content\/uploads\/2026\/03\/1755452528776-768x1024.jpg 768w, https:\/\/www.inspirations-equestres.fr\/wp-content\/uploads\/2026\/03\/1755452528776-225x300.jpg 225w, https:\/\/www.inspirations-equestres.fr\/wp-content\/uploads\/2026\/03\/1755452528776-1152x1536.jpg 1152w, https:\/\/www.inspirations-equestres.fr\/wp-content\/uploads\/2026\/03\/1755452528776-1536x2048.jpg 1536w, https:\/\/www.inspirations-equestres.fr\/wp-content\/uploads\/2026\/03\/1755452528776-scaled.jpg 1920w\" sizes=\"auto, (max-width: 768px) 100vw, 768px\" \/><\/figure>\n\n\n\n<p class=\"has-text-align-center has-medium-font-size\">Hepsie<\/p>\n\n\n\n<p class=\"has-text-align-center has-medium-font-size\">Ponette shetland<\/p>\n\n\n\n<p class=\"has-text-align-center has-medium-font-size\">N\u00e9e en 2016<\/p>\n\n\n\n<p class=\"has-text-align-center has-medium-font-size\">R\u00e9serv\u00e9e, Curieuse, Joueuse<\/p>\n\n\n\n<p class=\"has-text-align-center has-medium-font-size\">Sa petite taille en fait une partenaire id\u00e9ale pour les enfants, les personnes en fauteuil roulant et\/ou ayant peur des chevaux\u2026<\/p>\n\n\n\n<p class=\"has-medium-font-size\"><\/p>\n\n\n\n<p><\/p>\n\n\n\n<figure class=\"wp-block-image aligncenter size-large is-resized has-custom-border\"><img alt=\"\" loading=\"lazy\" decoding=\"async\" width=\"768\" height=\"1024\" src=\"https:\/\/www.inspirations-equestres.fr\/wp-content\/uploads\/2026\/03\/1755461258126-768x1024.jpg\" alt=\"\" class=\"wp-image-297\" style=\"border-width:5px;width:265px\" srcset=\"https:\/\/www.inspirations-equestres.fr\/wp-content\/uploads\/2026\/03\/1755461258126-768x1024.jpg 768w, https:\/\/www.inspirations-equestres.fr\/wp-content\/uploads\/2026\/03\/1755461258126-225x300.jpg 225w, https:\/\/www.inspirations-equestres.fr\/wp-content\/uploads\/2026\/03\/1755461258126-1152x1536.jpg 1152w, https:\/\/www.inspirations-equestres.fr\/wp-content\/uploads\/2026\/03\/1755461258126-1536x2048.jpg 1536w, https:\/\/www.inspirations-equestres.fr\/wp-content\/uploads\/2026\/03\/1755461258126-scaled.jpg 1920w\" sizes=\"auto, (max-width: 768px) 100vw, 768px\" \/><\/figure>\n\n\n\n<p class=\"has-text-align-center has-medium-font-size\"><strong>Janouk<\/strong><\/p>\n\n\n\n<p class=\"has-text-align-center has-medium-font-size\">Petit cheval hongre&nbsp;<\/p>\n\n\n\n<p class=\"has-text-align-center has-medium-font-size\">N\u00e9 en 1997<\/p>\n\n\n\n<p class=\"has-text-align-center has-medium-font-size\">Calme, Patient, Expressif.<\/p>\n\n\n\n<p class=\"has-text-align-center has-medium-font-size\">Adapt\u00e9 pour tous les publics, motricit\u00e9, confiance en soi\u2026<\/p>\n\n\n\n<p><\/p>\n\n\n\n<p><\/p>\n\n\n\n<figure class=\"wp-block-image aligncenter size-large is-resized has-custom-border\"><img alt=\"\" loading=\"lazy\" decoding=\"async\" width=\"768\" height=\"1024\" src=\"https:\/\/www.inspirations-equestres.fr\/wp-content\/uploads\/2026\/03\/1755452528801-768x1024.jpg\" alt=\"\" class=\"wp-image-296\" style=\"border-width:5px;aspect-ratio:0.7500129299198345;width:265px;height:auto\" srcset=\"https:\/\/www.inspirations-equestres.fr\/wp-content\/uploads\/2026\/03\/1755452528801-768x1024.jpg 768w, https:\/\/www.inspirations-equestres.fr\/wp-content\/uploads\/2026\/03\/1755452528801-225x300.jpg 225w, https:\/\/www.inspirations-equestres.fr\/wp-content\/uploads\/2026\/03\/1755452528801-1152x1536.jpg 1152w, https:\/\/www.inspirations-equestres.fr\/wp-content\/uploads\/2026\/03\/1755452528801-1536x2048.jpg 1536w, https:\/\/www.inspirations-equestres.fr\/wp-content\/uploads\/2026\/03\/1755452528801-scaled.jpg 1920w\" sizes=\"auto, (max-width: 768px) 100vw, 768px\" \/><\/figure>\n\n\n\n<p class=\"has-text-align-center has-medium-font-size\"><strong>Ozaro<\/strong><\/p>\n\n\n\n<p class=\"has-text-align-center has-medium-font-size\">Poney highland&nbsp;<\/p>\n\n\n\n<p class=\"has-text-align-center has-medium-font-size\">N\u00e9 en 2024<\/p>\n\n\n\n<p class=\"has-text-align-center has-medium-font-size\">S\u00fbr de lui, Proche de l\u2019humain, Affectueux.<\/p>\n\n\n\n<p class=\"has-text-align-center has-medium-font-size\">Vu son jeune \u00e2ge, il n\u2019est pour le moment pas en contact direct avec les b\u00e9n\u00e9ficiaires. Il commencera \u00e0 travailler progressivement avec des personnes \u00e0 l\u2019aise avec les chevaux.<\/p>\n\n\n\n<p><\/p>\n\n\n\n<p><\/p>\n\n\n\n<figure class=\"wp-block-image aligncenter size-large is-resized has-custom-border\"><img alt=\"\" loading=\"lazy\" decoding=\"async\" width=\"668\" height=\"1024\" src=\"https:\/\/www.inspirations-equestres.fr\/wp-content\/uploads\/2026\/03\/1755452528822-668x1024.jpg\" alt=\"\" class=\"wp-image-298\" style=\"border-width:5px;width:265px\" srcset=\"https:\/\/www.inspirations-equestres.fr\/wp-content\/uploads\/2026\/03\/1755452528822-668x1024.jpg 668w, https:\/\/www.inspirations-equestres.fr\/wp-content\/uploads\/2026\/03\/1755452528822-196x300.jpg 196w, https:\/\/www.inspirations-equestres.fr\/wp-content\/uploads\/2026\/03\/1755452528822-768x1178.jpg 768w, https:\/\/www.inspirations-equestres.fr\/wp-content\/uploads\/2026\/03\/1755452528822-1002x1536.jpg 1002w, https:\/\/www.inspirations-equestres.fr\/wp-content\/uploads\/2026\/03\/1755452528822.jpg 1018w\" sizes=\"auto, (max-width: 668px) 100vw, 668px\" \/><\/figure>\n\n\n\n<p class=\"has-text-align-center has-medium-font-size\"><strong>Brisepierre<\/strong><\/p>\n\n\n\n<p class=\"has-text-align-center has-medium-font-size\">Jument selle Fran\u00e7ais<\/p>\n\n\n\n<p class=\"has-text-align-center has-medium-font-size\">N\u00e9e en 2011<\/p>\n\n\n\n<p class=\"has-text-align-center has-medium-font-size\">Sensible, Emotive.<\/p>\n\n\n\n<p class=\"has-text-align-center has-medium-font-size\">Bonne partenaire (personnes n\u2019ayant pas peur des chevaux,) pour le travail sur les \u00e9motions, les humeurs, le d\u00e9veloppement personnel, instaurer un cadre<\/p>\n\n\n\n<p><\/p>\n\n\n\n<p><\/p>\n\n\n\n<p><\/p>\n\n\n\n<figure class=\"wp-block-image aligncenter size-large is-resized has-custom-border\"><img alt=\"\" loading=\"lazy\" decoding=\"async\" width=\"765\" height=\"1024\" src=\"https:\/\/www.inspirations-equestres.fr\/wp-content\/uploads\/2026\/03\/1755452528389-765x1024.jpg\" alt=\"\" class=\"wp-image-299\" style=\"border-width:5px;width:265px\" srcset=\"https:\/\/www.inspirations-equestres.fr\/wp-content\/uploads\/2026\/03\/1755452528389-765x1024.jpg 765w, https:\/\/www.inspirations-equestres.fr\/wp-content\/uploads\/2026\/03\/1755452528389-224x300.jpg 224w, https:\/\/www.inspirations-equestres.fr\/wp-content\/uploads\/2026\/03\/1755452528389-768x1027.jpg 768w, https:\/\/www.inspirations-equestres.fr\/wp-content\/uploads\/2026\/03\/1755452528389.jpg 900w\" sizes=\"auto, (max-width: 765px) 100vw, 765px\" \/><\/figure>\n\n\n\n<p class=\"has-text-align-center has-medium-font-size\"><strong>Ty mou<\/strong>t&rsquo;<\/p>\n\n\n\n<p class=\"has-text-align-center has-medium-font-size\">B\u00e9lier (castr\u00e9)<\/p>\n\n\n\n<p class=\"has-text-align-center has-medium-font-size\">N\u00e9 en 2025<\/p>\n\n\n\n<p class=\"has-text-align-center has-medium-font-size\">Tr\u00e8s proche de l\u2019humain, Affectueux, Emotif.<br>Int\u00e9ressant au niveau sensoriel (laine, pieds,<br>cornes), gestion \u00e9motionnelle, relaxation&#8230;<\/p>\n\n\n\n<p><\/p>\n\n\n\n<p><\/p>\n\n\n\n<figure class=\"wp-block-image aligncenter size-full is-resized has-custom-border\"><img alt=\"\" loading=\"lazy\" decoding=\"async\" width=\"759\" height=\"1012\" src=\"https:\/\/www.inspirations-equestres.fr\/wp-content\/uploads\/2026\/03\/1755461257934.jpg\" alt=\"\" class=\"wp-image-300\" style=\"border-width:5px;width:265px\" srcset=\"https:\/\/www.inspirations-equestres.fr\/wp-content\/uploads\/2026\/03\/1755461257934.jpg 759w, https:\/\/www.inspirations-equestres.fr\/wp-content\/uploads\/2026\/03\/1755461257934-225x300.jpg 225w\" sizes=\"auto, (max-width: 759px) 100vw, 759px\" \/><\/figure>\n\n\n\n<p class=\"has-text-align-center has-medium-font-size\"><strong>Ty bouc&rsquo;<\/strong><\/p>\n\n\n\n<p class=\"has-text-align-center has-medium-font-size\">Bouc nain (castr\u00e9)<\/p>\n\n\n\n<p class=\"has-text-align-center has-medium-font-size\">N\u00e9 en 2025<\/p>\n\n\n\n<p class=\"has-text-align-center has-medium-font-size\">Craintif, Rigolo, Vif.<br>Id\u00e9al pour travailler la patience, le calme, la<br>d\u00e9contraction&#8230;<\/p>\n","protected":false},"excerpt":{"rendered":"<p>Monitrice &amp; Intervenante en m\u00e9diation par l&rsquo;animal Domitille Dipl\u00f4m\u00e9e&nbsp;BPJEPS Equitation et Tourisme Equestre Certifi\u00e9e \u00e0&nbsp;l&rsquo;Institut Fran\u00e7ais de Zooth\u00e9rapie Form\u00e9e aux&nbsp;Premiers Secours en Sant\u00e9 Mentale \u200bObservatrice, \u00e0 l&rsquo;\u00e9coute, douce, r\u00eaveuse, dr\u00f4le&nbsp; Mes partenaires m\u00e9diateurs Hepsie Ponette shetland N\u00e9e en 2016 R\u00e9serv\u00e9e, Curieuse, Joueuse Sa petite taille en fait une partenaire id\u00e9ale pour les enfants, les personnes [&hellip;]<\/p>\n","protected":false},"author":1,"featured_media":0,"parent":0,"menu_order":0,"comment_status":"closed","ping_status":"closed","template":"","meta":{"_seopress_robots_primary_cat":"","_seopress_titles_title":"","_seopress_titles_desc":"","_seopress_robots_index":"","footnotes":""},"class_list":["post-14","page","type-page","status-publish","hentry"],"_links":{"self":[{"href":"https:\/\/www.inspirations-equestres.fr\/index.php\/wp-json\/wp\/v2\/pages\/14","targetHints":{"allow":["GET"]}}],"collection":[{"href":"https:\/\/www.inspirations-equestres.fr\/index.php\/wp-json\/wp\/v2\/pages"}],"about":[{"href":"https:\/\/www.inspirations-equestres.fr\/index.php\/wp-json\/wp\/v2\/types\/page"}],"author":[{"embeddable":true,"href":"https:\/\/www.inspirations-equestres.fr\/index.php\/wp-json\/wp\/v2\/users\/1"}],"replies":[{"embeddable":true,"href":"https:\/\/www.inspirations-equestres.fr\/index.php\/wp-json\/wp\/v2\/comments?post=14"}],"version-history":[{"count":8,"href":"https:\/\/www.inspirations-equestres.fr\/index.php\/wp-json\/wp\/v2\/pages\/14\/revisions"}],"predecessor-version":[{"id":362,"href":"https:\/\/www.inspirations-equestres.fr\/index.php\/wp-json\/wp\/v2\/pages\/14\/revisions\/362"}],"wp:attachment":[{"href":"https:\/\/www.inspirations-equestres.fr\/index.php\/wp-json\/wp\/v2\/media?parent=14"}],"curies":[{"name":"wp","href":"https:\/\/api.w.org\/{rel}","templated":true}]}}