{"id":241,"date":"2026-03-27T12:45:03","date_gmt":"2026-03-27T11:45:03","guid":{"rendered":"https:\/\/www.inspirations-equestres.fr\/?page_id=241"},"modified":"2026-03-27T17:47:25","modified_gmt":"2026-03-27T16:47:25","slug":"mentions-legales","status":"publish","type":"page","link":"https:\/\/www.inspirations-equestres.fr\/index.php\/mentions-legales\/","title":{"rendered":"Mentions l\u00e9gales"},"content":{"rendered":"\n<h3 class=\"wp-block-heading\">\u200b<\/h3>\n\n\n\n<p class=\"has-text-align-center\">\u00c9diteur du site<\/p>\n\n\n\n<p class=\"has-text-align-center\"><br>Nom : FORESTIER Domitille<br>Statut : Auto-entrepreneur<br>Activit\u00e9 : Coaching \u00e9questre<br>Pays : France<br>Email : domitille.forestier@gmail.com<\/p>\n\n\n\n<p>\u200b<\/p>\n\n\n\n<p class=\"has-text-align-center\">H\u00e9bergement<br><br>Le site est h\u00e9berg\u00e9 chez OVHCloud<\/p>\n\n\n\n<p class=\"has-text-align-center\">2 rue Kellermann \u2013 59100 Roubaix \u2013 France.<\/p>\n\n\n\n<p class=\"has-text-align-center\">Directeur de la publication : Octave KLABA<\/p>\n\n\n\n<p><\/p>\n","protected":false},"excerpt":{"rendered":"<p>\u200b \u00c9diteur du site Nom : FORESTIER DomitilleStatut : Auto-entrepreneurActivit\u00e9 : Coaching \u00e9questrePays : FranceEmail : domitille.forestier@gmail.com \u200b H\u00e9bergement Le site est h\u00e9berg\u00e9 chez OVHCloud 2 rue Kellermann \u2013 59100 Roubaix \u2013 France. Directeur de la publication : Octave KLABA<\/p>\n","protected":false},"author":1,"featured_media":0,"parent":0,"menu_order":0,"comment_status":"closed","ping_status":"closed","template":"","meta":{"_seopress_robots_primary_cat":"","_seopress_titles_title":"","_seopress_titles_desc":"","_seopress_robots_index":"","footnotes":""},"class_list":["post-241","page","type-page","status-publish","hentry"],"_links":{"self":[{"href":"https:\/\/www.inspirations-equestres.fr\/index.php\/wp-json\/wp\/v2\/pages\/241","targetHints":{"allow":["GET"]}}],"collection":[{"href":"https:\/\/www.inspirations-equestres.fr\/index.php\/wp-json\/wp\/v2\/pages"}],"about":[{"href":"https:\/\/www.inspirations-equestres.fr\/index.php\/wp-json\/wp\/v2\/types\/page"}],"author":[{"embeddable":true,"href":"https:\/\/www.inspirations-equestres.fr\/index.php\/wp-json\/wp\/v2\/users\/1"}],"replies":[{"embeddable":true,"href":"https:\/\/www.inspirations-equestres.fr\/index.php\/wp-json\/wp\/v2\/comments?post=241"}],"version-history":[{"count":3,"href":"https:\/\/www.inspirations-equestres.fr\/index.php\/wp-json\/wp\/v2\/pages\/241\/revisions"}],"predecessor-version":[{"id":262,"href":"https:\/\/www.inspirations-equestres.fr\/index.php\/wp-json\/wp\/v2\/pages\/241\/revisions\/262"}],"wp:attachment":[{"href":"https:\/\/www.inspirations-equestres.fr\/index.php\/wp-json\/wp\/v2\/media?parent=241"}],"curies":[{"name":"wp","href":"https:\/\/api.w.org\/{rel}","templated":true}]}}