{"id":3,"date":"2026-03-02T16:39:40","date_gmt":"2026-03-02T16:39:40","guid":{"rendered":"https:\/\/www.inspirations-equestres.fr\/?page_id=3"},"modified":"2026-03-27T12:43:35","modified_gmt":"2026-03-27T11:43:35","slug":"privacy-policy","status":"publish","type":"page","link":"https:\/\/www.inspirations-equestres.fr\/index.php\/privacy-policy\/","title":{"rendered":"Politique de confidentialit\u00e9"},"content":{"rendered":"\n<p>Ce site a pour objectif de pr\u00e9senter l\u2019activit\u00e9 de coaching \u00e9questre de Domitille Forestier.<\/p>\n\n\n\n<p>\u200b<\/p>\n\n\n\n<h4 class=\"wp-block-heading\">Responsable du traitement<\/h4>\n\n\n\n<h4 class=\"wp-block-heading\">\u200b<\/h4>\n\n\n\n<p>Le responsable du traitement des donn\u00e9es est :<br>FORESTIER Domitille, auto-entrepreneur, coach, bas\u00e9e en France.<br>Contact : domitille.forestier@gmail.com<\/p>\n\n\n\n<h4 class=\"wp-block-heading\">&nbsp;<\/h4>\n\n\n\n<h4 class=\"wp-block-heading\">Donn\u00e9es personnelles<\/h4>\n\n\n\n<h4 class=\"wp-block-heading\">\u200b<\/h4>\n\n\n\n<p>Le site ne propose pas de formulaire et ne collecte pas directement de donn\u00e9es personnelles.<\/p>\n\n\n\n<p>Cependant, lors de la navigation sur le site, certaines donn\u00e9es techniques peuvent \u00eatre collect\u00e9es automatiquement, telles que :<\/p>\n\n\n\n<ul class=\"wp-block-list\">\n<li>adresse IP<\/li>\n\n\n\n<li>type de navigateur<\/li>\n\n\n\n<li>donn\u00e9es de navigation<\/li>\n<\/ul>\n\n\n\n<p>Ces donn\u00e9es sont n\u00e9cessaires au bon fonctionnement du site.<\/p>\n\n\n\n<p>\u200b<\/p>\n\n\n\n<h4 class=\"wp-block-heading\">Cookies<\/h4>\n\n\n\n<h4 class=\"wp-block-heading\">\u200b<\/h4>\n\n\n\n<p>Le site utilise des cookies techniques, notamment via la plateforme Wix, afin d\u2019assurer son bon fonctionnement et sa s\u00e9curit\u00e9.<\/p>\n\n\n\n<p>Ces cookies ne permettent pas d\u2019identifier personnellement les utilisateurs.<\/p>\n\n\n\n<p>L\u2019utilisateur peut refuser les cookies ou les supprimer en configurant les param\u00e8tres de son navigateur.<\/p>\n\n\n\n<p>\u200b<\/p>\n\n\n\n<h4 class=\"wp-block-heading\">Finalit\u00e9<\/h4>\n\n\n\n<h4 class=\"wp-block-heading\">\u200b<\/h4>\n\n\n\n<p>Les donn\u00e9es sont utilis\u00e9es uniquement pour :<\/p>\n\n\n\n<ul class=\"wp-block-list\">\n<li>assurer le fonctionnement et la s\u00e9curit\u00e9 du site<\/li>\n\n\n\n<li>am\u00e9liorer l\u2019exp\u00e9rience utilisateur<\/li>\n<\/ul>\n\n\n\n<h4 class=\"wp-block-heading\">Dur\u00e9e de conservation<\/h4>\n\n\n\n<p>Les donn\u00e9es sont conserv\u00e9es pour la dur\u00e9e strictement n\u00e9cessaire aux finalit\u00e9s d\u00e9crites ci-dessus.<\/p>\n\n\n\n<p>\u200b<\/p>\n\n\n\n<h4 class=\"wp-block-heading\">Partage des donn\u00e9es<\/h4>\n\n\n\n<h4 class=\"wp-block-heading\">\u200b<\/h4>\n\n\n\n<p>Les donn\u00e9es ne sont ni vendues, ni c\u00e9d\u00e9es \u00e0 des tiers, sauf obligation l\u00e9gale.<\/p>\n\n\n\n<h4 class=\"wp-block-heading\">Droits des utilisateurs<\/h4>\n\n\n\n<p>Conform\u00e9ment au RGPD, chaque utilisateur dispose d\u2019un droit :<\/p>\n\n\n\n<ul class=\"wp-block-list\">\n<li>d\u2019acc\u00e8s<\/li>\n\n\n\n<li>de rectification<\/li>\n\n\n\n<li>de suppression<\/li>\n<\/ul>\n\n\n\n<p>Pour exercer ces droits, il suffit d\u2019envoyer un e-mail \u00e0 :&nbsp;<a href=\"mailto:domitille.forestier@gmail.com\">domitille.forestier@gmail.com<\/a><\/p>\n","protected":false},"excerpt":{"rendered":"<p>Ce site a pour objectif de pr\u00e9senter l\u2019activit\u00e9 de coaching \u00e9questre de Domitille Forestier. \u200b Responsable du traitement \u200b Le responsable du traitement des donn\u00e9es est :FORESTIER Domitille, auto-entrepreneur, coach, bas\u00e9e en France.Contact : domitille.forestier@gmail.com &nbsp; Donn\u00e9es personnelles \u200b Le site ne propose pas de formulaire et ne collecte pas directement de donn\u00e9es personnelles. Cependant, [&hellip;]<\/p>\n","protected":false},"author":1,"featured_media":0,"parent":0,"menu_order":0,"comment_status":"closed","ping_status":"closed","template":"","meta":{"_seopress_robots_primary_cat":"","_seopress_titles_title":"","_seopress_titles_desc":"","_seopress_robots_index":"","footnotes":""},"class_list":["post-3","page","type-page","status-publish","hentry"],"_links":{"self":[{"href":"https:\/\/www.inspirations-equestres.fr\/index.php\/wp-json\/wp\/v2\/pages\/3","targetHints":{"allow":["GET"]}}],"collection":[{"href":"https:\/\/www.inspirations-equestres.fr\/index.php\/wp-json\/wp\/v2\/pages"}],"about":[{"href":"https:\/\/www.inspirations-equestres.fr\/index.php\/wp-json\/wp\/v2\/types\/page"}],"author":[{"embeddable":true,"href":"https:\/\/www.inspirations-equestres.fr\/index.php\/wp-json\/wp\/v2\/users\/1"}],"replies":[{"embeddable":true,"href":"https:\/\/www.inspirations-equestres.fr\/index.php\/wp-json\/wp\/v2\/comments?post=3"}],"version-history":[{"count":3,"href":"https:\/\/www.inspirations-equestres.fr\/index.php\/wp-json\/wp\/v2\/pages\/3\/revisions"}],"predecessor-version":[{"id":240,"href":"https:\/\/www.inspirations-equestres.fr\/index.php\/wp-json\/wp\/v2\/pages\/3\/revisions\/240"}],"wp:attachment":[{"href":"https:\/\/www.inspirations-equestres.fr\/index.php\/wp-json\/wp\/v2\/media?parent=3"}],"curies":[{"name":"wp","href":"https:\/\/api.w.org\/{rel}","templated":true}]}}